{"id":1470,"date":"2025-11-19T15:59:54","date_gmt":"2025-11-19T14:59:54","guid":{"rendered":"https:\/\/sailorzfilmfestival.com\/?page_id=1470"},"modified":"2026-01-06T13:15:32","modified_gmt":"2026-01-06T12:15:32","slug":"billetterie-sailorz-film-festival","status":"publish","type":"page","link":"https:\/\/sailorzfilmfestival.com\/billetterie\/","title":{"rendered":"Billetterie"},"content":{"rendered":"\t\t<div data-elementor-type=\"wp-page\" data-elementor-id=\"1470\" class=\"elementor elementor-1470\">\n\t\t\t\t\t\t<section class=\"elementor-section elementor-top-section elementor-element elementor-element-4385a71d elementor-section-boxed elementor-section-height-default elementor-section-height-default\" data-id=\"4385a71d\" data-element_type=\"section\">\n\t\t\t\t\t\t<div class=\"elementor-container elementor-column-gap-default\">\n\t\t\t\t\t<div class=\"elementor-column elementor-col-100 elementor-top-column elementor-element elementor-element-7a265a54\" data-id=\"7a265a54\" data-element_type=\"column\">\n\t\t\t<div class=\"elementor-widget-wrap elementor-element-populated\">\n\t\t\t\t\t\t<div class=\"elementor-element elementor-element-1410c2be elementor-hidden-mobile elementor-widget elementor-widget-heading\" data-id=\"1410c2be\" data-element_type=\"widget\" data-widget_type=\"heading.default\">\n\t\t\t\t<div class=\"elementor-widget-container\">\n\t\t\t\t\t<h2 class=\"elementor-heading-title elementor-size-default\">R\u00c9SERVEZ VOTRE PLACE<BR>POUR LE SAILORZ FILM FESTIVAL !<\/h2>\t\t\t\t<\/div>\n\t\t\t\t<\/div>\n\t\t\t\t\t<\/div>\n\t\t<\/div>\n\t\t\t\t\t<\/div>\n\t\t<\/section>\n\t\t\t\t<section class=\"elementor-section elementor-top-section elementor-element elementor-element-8adb13d elementor-section-boxed elementor-section-height-default elementor-section-height-default\" data-id=\"8adb13d\" data-element_type=\"section\">\n\t\t\t\t\t\t<div class=\"elementor-container elementor-column-gap-default\">\n\t\t\t\t\t<div class=\"elementor-column elementor-col-100 elementor-top-column elementor-element elementor-element-ec3e28e\" data-id=\"ec3e28e\" data-element_type=\"column\">\n\t\t\t<div class=\"elementor-widget-wrap elementor-element-populated\">\n\t\t\t\t\t\t<div class=\"elementor-element elementor-element-9a5a29d elementor-widget elementor-widget-spacer\" data-id=\"9a5a29d\" data-element_type=\"widget\" data-widget_type=\"spacer.default\">\n\t\t\t\t<div class=\"elementor-widget-container\">\n\t\t\t\t\t\t\t<div class=\"elementor-spacer\">\n\t\t\t<div class=\"elementor-spacer-inner\"><\/div>\n\t\t<\/div>\n\t\t\t\t\t\t<\/div>\n\t\t\t\t<\/div>\n\t\t\t\t\t<\/div>\n\t\t<\/div>\n\t\t\t\t\t<\/div>\n\t\t<\/section>\n\t\t\t\t<section class=\"elementor-section elementor-top-section elementor-element elementor-element-c71f84e elementor-section-boxed elementor-section-height-default elementor-section-height-default\" data-id=\"c71f84e\" data-element_type=\"section\">\n\t\t\t\t\t\t<div class=\"elementor-container elementor-column-gap-default\">\n\t\t\t\t\t<div class=\"elementor-column elementor-col-33 elementor-top-column elementor-element elementor-element-814ebb6\" data-id=\"814ebb6\" data-element_type=\"column\">\n\t\t\t<div class=\"elementor-widget-wrap elementor-element-populated\">\n\t\t\t\t\t\t<div class=\"elementor-element elementor-element-0419673 elementor-widget elementor-widget-heading\" data-id=\"0419673\" data-element_type=\"widget\" data-widget_type=\"heading.default\">\n\t\t\t\t<div class=\"elementor-widget-container\">\n\t\t\t\t\t<h2 class=\"elementor-heading-title elementor-size-default\"><a href=\"https:\/\/sailorzfilmfestival.com\/billetterie-france\/\">FRANCE<\/a><\/h2>\t\t\t\t<\/div>\n\t\t\t\t<\/div>\n\t\t\t\t\t<\/div>\n\t\t<\/div>\n\t\t\t\t<div class=\"elementor-column elementor-col-33 elementor-top-column elementor-element elementor-element-a4f8e96\" data-id=\"a4f8e96\" data-element_type=\"column\">\n\t\t\t<div class=\"elementor-widget-wrap elementor-element-populated\">\n\t\t\t\t\t\t<div class=\"elementor-element elementor-element-1454f4c elementor-widget elementor-widget-heading\" data-id=\"1454f4c\" data-element_type=\"widget\" data-widget_type=\"heading.default\">\n\t\t\t\t<div class=\"elementor-widget-container\">\n\t\t\t\t\t<h2 class=\"elementor-heading-title elementor-size-default\"><a href=\"https:\/\/sailorzfilmfestival.com\/billetterie-belgique\/\">BELGIQUE<\/a><\/h2>\t\t\t\t<\/div>\n\t\t\t\t<\/div>\n\t\t\t\t\t<\/div>\n\t\t<\/div>\n\t\t\t\t<div class=\"elementor-column elementor-col-33 elementor-top-column elementor-element elementor-element-bf640b3\" data-id=\"bf640b3\" data-element_type=\"column\">\n\t\t\t<div class=\"elementor-widget-wrap elementor-element-populated\">\n\t\t\t\t\t\t<div class=\"elementor-element elementor-element-3cc645e elementor-widget elementor-widget-heading\" data-id=\"3cc645e\" data-element_type=\"widget\" data-widget_type=\"heading.default\">\n\t\t\t\t<div class=\"elementor-widget-container\">\n\t\t\t\t\t<h2 class=\"elementor-heading-title elementor-size-default\"><a href=\"https:\/\/sailorzfilmfestival.com\/billetterie-suisse\/\">SUISSE<\/a><\/h2>\t\t\t\t<\/div>\n\t\t\t\t<\/div>\n\t\t\t\t\t<\/div>\n\t\t<\/div>\n\t\t\t\t\t<\/div>\n\t\t<\/section>\n\t\t\t\t<section class=\"elementor-section elementor-top-section elementor-element elementor-element-e2b9a26 elementor-section-boxed elementor-section-height-default elementor-section-height-default\" data-id=\"e2b9a26\" data-element_type=\"section\">\n\t\t\t\t\t\t<div class=\"elementor-container elementor-column-gap-default\">\n\t\t\t\t\t<div class=\"elementor-column elementor-col-100 elementor-top-column elementor-element elementor-element-dc4db0d\" data-id=\"dc4db0d\" data-element_type=\"column\">\n\t\t\t<div class=\"elementor-widget-wrap elementor-element-populated\">\n\t\t\t\t\t\t<div class=\"elementor-element elementor-element-c66b1ae elementor-widget elementor-widget-text-editor\" data-id=\"c66b1ae\" data-element_type=\"widget\" data-widget_type=\"text-editor.default\">\n\t\t\t\t<div class=\"elementor-widget-container\">\n\t\t\t\t\t\t\t\t\t<p>\u2191 Cliquez sur votre pays pour acc\u00e9der \u00e0 la billetterie \u2191<\/p>\t\t\t\t\t\t\t\t<\/div>\n\t\t\t\t<\/div>\n\t\t\t\t<div class=\"elementor-element elementor-element-c278880 elementor-widget elementor-widget-spacer\" data-id=\"c278880\" data-element_type=\"widget\" data-widget_type=\"spacer.default\">\n\t\t\t\t<div class=\"elementor-widget-container\">\n\t\t\t\t\t\t\t<div class=\"elementor-spacer\">\n\t\t\t<div class=\"elementor-spacer-inner\"><\/div>\n\t\t<\/div>\n\t\t\t\t\t\t<\/div>\n\t\t\t\t<\/div>\n\t\t\t\t<div class=\"elementor-element elementor-element-ddcd80f elementor-widget elementor-widget-html\" data-id=\"ddcd80f\" data-element_type=\"widget\" data-widget_type=\"html.default\">\n\t\t\t\t<div class=\"elementor-widget-container\">\n\t\t\t\t\t<iframe src=\"https:\/\/www.google.com\/maps\/d\/embed?mid=1wOhpjOelRiTecEKX9TXC2Lv71nPe-tQ&ehbc=2E312F&noprof=1\" width=\"640\" height=\"480\"><\/iframe>\t\t\t\t<\/div>\n\t\t\t\t<\/div>\n\t\t\t\t\t<\/div>\n\t\t<\/div>\n\t\t\t\t\t<\/div>\n\t\t<\/section>\n\t\t\t\t<section class=\"elementor-section elementor-top-section elementor-element elementor-element-c7b13ec elementor-hidden-desktop elementor-hidden-tablet elementor-section-boxed elementor-section-height-default elementor-section-height-default\" data-id=\"c7b13ec\" data-element_type=\"section\">\n\t\t\t\t\t\t<div class=\"elementor-container elementor-column-gap-default\">\n\t\t\t\t\t<div class=\"elementor-column elementor-col-50 elementor-top-column elementor-element elementor-element-3f146f73\" data-id=\"3f146f73\" data-element_type=\"column\">\n\t\t\t<div class=\"elementor-widget-wrap elementor-element-populated\">\n\t\t\t\t\t\t<div class=\"elementor-element elementor-element-f21716 elementor-widget elementor-widget-text-editor\" data-id=\"f21716\" data-element_type=\"widget\" data-widget_type=\"text-editor.default\">\n\t\t\t\t<div class=\"elementor-widget-container\">\n\t\t\t\t\t\t\t\t\t<p style=\"text-align: center;\">NOUS CONTACTER<\/p>\t\t\t\t\t\t\t\t<\/div>\n\t\t\t\t<\/div>\n\t\t\t\t\t<\/div>\n\t\t<\/div>\n\t\t\t\t<div class=\"elementor-column elementor-col-50 elementor-top-column elementor-element elementor-element-23e5554\" data-id=\"23e5554\" data-element_type=\"column\">\n\t\t\t<div class=\"elementor-widget-wrap elementor-element-populated\">\n\t\t\t\t\t\t<div class=\"elementor-element elementor-element-c7d9a73 elementor-widget elementor-widget-text-editor\" data-id=\"c7d9a73\" data-element_type=\"widget\" data-widget_type=\"text-editor.default\">\n\t\t\t\t<div class=\"elementor-widget-container\">\n\t\t\t\t\t\t\t\t\t<p style=\"text-align: center;\"><strong><a class=\"c-link\" tabindex=\"-1\" href=\"mailto:film-festival@sailorz.com\" target=\"_blank\" rel=\"noopener noreferrer\" data-stringify-link=\"mailto:film-festival@sailorz.com\" data-sk=\"tooltip_parent\" aria-haspopup=\"menu\" aria-expanded=\"false\" data-remove-tab-index=\"true\">film-festival@sailorz.com<\/a><\/strong><\/p><p style=\"text-align: center;\"><br><\/p>\t\t\t\t\t\t\t\t<\/div>\n\t\t\t\t<\/div>\n\t\t\t\t\t<\/div>\n\t\t<\/div>\n\t\t\t\t\t<\/div>\n\t\t<\/section>\n\t\t\t\t<section class=\"elementor-section elementor-top-section elementor-element elementor-element-3e568e6f elementor-section-boxed elementor-section-height-default elementor-section-height-default\" data-id=\"3e568e6f\" data-element_type=\"section\">\n\t\t\t\t\t\t<div class=\"elementor-container elementor-column-gap-default\">\n\t\t\t\t\t<div class=\"elementor-column elementor-col-100 elementor-top-column elementor-element elementor-element-5b547e49\" data-id=\"5b547e49\" data-element_type=\"column\">\n\t\t\t<div class=\"elementor-widget-wrap elementor-element-populated\">\n\t\t\t\t\t\t<div class=\"elementor-element elementor-element-2f02de41 elementor-widget elementor-widget-menu-anchor\" data-id=\"2f02de41\" data-element_type=\"widget\" data-widget_type=\"menu-anchor.default\">\n\t\t\t\t<div class=\"elementor-widget-container\">\n\t\t\t\t\t\t\t<div class=\"elementor-menu-anchor\" id=\"contact\"><\/div>\n\t\t\t\t\t\t<\/div>\n\t\t\t\t<\/div>\n\t\t\t\t\t<\/div>\n\t\t<\/div>\n\t\t\t\t\t<\/div>\n\t\t<\/section>\n\t\t\t\t<\/div>\n\t\t","protected":false},"excerpt":{"rendered":"<p>R\u00c9SERVEZ VOTRE PLACEPOUR LE SAILORZ FILM FESTIVAL ! FRANCE BELGIQUE SUISSE \u2191 Cliquez sur votre pays pour acc\u00e9der \u00e0 la billetterie \u2191 NOUS CONTACTER film-festival@sailorz.com<\/p>\n","protected":false},"author":2,"featured_media":0,"parent":0,"menu_order":0,"comment_status":"closed","ping_status":"closed","template":"","meta":{"footnotes":""},"class_list":["post-1470","page","type-page","status-publish","hentry"],"yoast_head":"<!-- This site is optimized with the Yoast SEO plugin v23.9 - https:\/\/yoast.com\/wordpress\/plugins\/seo\/ -->\n<title>Billetterie - Sailorz Film Festival<\/title>\n<meta name=\"robots\" content=\"index, follow, max-snippet:-1, max-image-preview:large, max-video-preview:-1\" \/>\n<link rel=\"canonical\" href=\"https:\/\/sailorzfilmfestival.com\/billetterie\/\" \/>\n<meta property=\"og:locale\" content=\"fr_FR\" \/>\n<meta property=\"og:type\" content=\"article\" \/>\n<meta property=\"og:title\" content=\"Billetterie - Sailorz Film Festival\" \/>\n<meta property=\"og:description\" content=\"R\u00c9SERVEZ VOTRE PLACEPOUR LE SAILORZ FILM FESTIVAL ! FRANCE BELGIQUE SUISSE \u2191 Cliquez sur votre pays pour acc\u00e9der \u00e0 la billetterie \u2191 NOUS CONTACTER film-festival@sailorz.com\" \/>\n<meta property=\"og:url\" content=\"https:\/\/sailorzfilmfestival.com\/billetterie\/\" \/>\n<meta property=\"og:site_name\" content=\"Sailorz Film Festival\" \/>\n<meta property=\"article:modified_time\" content=\"2026-01-06T12:15:32+00:00\" \/>\n<meta name=\"twitter:card\" content=\"summary_large_image\" \/>\n<meta name=\"twitter:label1\" content=\"Dur\u00e9e de lecture estim\u00e9e\" \/>\n\t<meta name=\"twitter:data1\" content=\"1 minute\" \/>\n<script type=\"application\/ld+json\" class=\"yoast-schema-graph\">{\"@context\":\"https:\/\/schema.org\",\"@graph\":[{\"@type\":\"WebPage\",\"@id\":\"https:\/\/sailorzfilmfestival.com\/billetterie\/\",\"url\":\"https:\/\/sailorzfilmfestival.com\/billetterie\/\",\"name\":\"Billetterie - Sailorz Film Festival\",\"isPartOf\":{\"@id\":\"https:\/\/sailorzfilmfestival.com\/#website\"},\"datePublished\":\"2025-11-19T14:59:54+00:00\",\"dateModified\":\"2026-01-06T12:15:32+00:00\",\"breadcrumb\":{\"@id\":\"https:\/\/sailorzfilmfestival.com\/billetterie\/#breadcrumb\"},\"inLanguage\":\"fr-FR\",\"potentialAction\":[{\"@type\":\"ReadAction\",\"target\":[\"https:\/\/sailorzfilmfestival.com\/billetterie\/\"]}]},{\"@type\":\"BreadcrumbList\",\"@id\":\"https:\/\/sailorzfilmfestival.com\/billetterie\/#breadcrumb\",\"itemListElement\":[{\"@type\":\"ListItem\",\"position\":1,\"name\":\"Accueil\",\"item\":\"https:\/\/sailorzfilmfestival.com\/\"},{\"@type\":\"ListItem\",\"position\":2,\"name\":\"Billetterie\"}]},{\"@type\":\"WebSite\",\"@id\":\"https:\/\/sailorzfilmfestival.com\/#website\",\"url\":\"https:\/\/sailorzfilmfestival.com\/\",\"name\":\"Sailorz Film Festival\",\"description\":\"La voile de comp\u00e9tition sur \u00e9cran g\u00e9ant\",\"potentialAction\":[{\"@type\":\"SearchAction\",\"target\":{\"@type\":\"EntryPoint\",\"urlTemplate\":\"https:\/\/sailorzfilmfestival.com\/?s={search_term_string}\"},\"query-input\":{\"@type\":\"PropertyValueSpecification\",\"valueRequired\":true,\"valueName\":\"search_term_string\"}}],\"inLanguage\":\"fr-FR\"}]}<\/script>\n<!-- \/ Yoast SEO plugin. -->","yoast_head_json":{"title":"Billetterie - Sailorz Film Festival","robots":{"index":"index","follow":"follow","max-snippet":"max-snippet:-1","max-image-preview":"max-image-preview:large","max-video-preview":"max-video-preview:-1"},"canonical":"https:\/\/sailorzfilmfestival.com\/billetterie\/","og_locale":"fr_FR","og_type":"article","og_title":"Billetterie - Sailorz Film Festival","og_description":"R\u00c9SERVEZ VOTRE PLACEPOUR LE SAILORZ FILM FESTIVAL ! FRANCE BELGIQUE SUISSE \u2191 Cliquez sur votre pays pour acc\u00e9der \u00e0 la billetterie \u2191 NOUS CONTACTER film-festival@sailorz.com","og_url":"https:\/\/sailorzfilmfestival.com\/billetterie\/","og_site_name":"Sailorz Film Festival","article_modified_time":"2026-01-06T12:15:32+00:00","twitter_card":"summary_large_image","twitter_misc":{"Dur\u00e9e de lecture estim\u00e9e":"1 minute"},"schema":{"@context":"https:\/\/schema.org","@graph":[{"@type":"WebPage","@id":"https:\/\/sailorzfilmfestival.com\/billetterie\/","url":"https:\/\/sailorzfilmfestival.com\/billetterie\/","name":"Billetterie - Sailorz Film Festival","isPartOf":{"@id":"https:\/\/sailorzfilmfestival.com\/#website"},"datePublished":"2025-11-19T14:59:54+00:00","dateModified":"2026-01-06T12:15:32+00:00","breadcrumb":{"@id":"https:\/\/sailorzfilmfestival.com\/billetterie\/#breadcrumb"},"inLanguage":"fr-FR","potentialAction":[{"@type":"ReadAction","target":["https:\/\/sailorzfilmfestival.com\/billetterie\/"]}]},{"@type":"BreadcrumbList","@id":"https:\/\/sailorzfilmfestival.com\/billetterie\/#breadcrumb","itemListElement":[{"@type":"ListItem","position":1,"name":"Accueil","item":"https:\/\/sailorzfilmfestival.com\/"},{"@type":"ListItem","position":2,"name":"Billetterie"}]},{"@type":"WebSite","@id":"https:\/\/sailorzfilmfestival.com\/#website","url":"https:\/\/sailorzfilmfestival.com\/","name":"Sailorz Film Festival","description":"La voile de comp\u00e9tition sur \u00e9cran g\u00e9ant","potentialAction":[{"@type":"SearchAction","target":{"@type":"EntryPoint","urlTemplate":"https:\/\/sailorzfilmfestival.com\/?s={search_term_string}"},"query-input":{"@type":"PropertyValueSpecification","valueRequired":true,"valueName":"search_term_string"}}],"inLanguage":"fr-FR"}]}},"_links":{"self":[{"href":"https:\/\/sailorzfilmfestival.com\/index.php\/wp-json\/wp\/v2\/pages\/1470","targetHints":{"allow":["GET"]}}],"collection":[{"href":"https:\/\/sailorzfilmfestival.com\/index.php\/wp-json\/wp\/v2\/pages"}],"about":[{"href":"https:\/\/sailorzfilmfestival.com\/index.php\/wp-json\/wp\/v2\/types\/page"}],"author":[{"embeddable":true,"href":"https:\/\/sailorzfilmfestival.com\/index.php\/wp-json\/wp\/v2\/users\/2"}],"replies":[{"embeddable":true,"href":"https:\/\/sailorzfilmfestival.com\/index.php\/wp-json\/wp\/v2\/comments?post=1470"}],"version-history":[{"count":39,"href":"https:\/\/sailorzfilmfestival.com\/index.php\/wp-json\/wp\/v2\/pages\/1470\/revisions"}],"predecessor-version":[{"id":1712,"href":"https:\/\/sailorzfilmfestival.com\/index.php\/wp-json\/wp\/v2\/pages\/1470\/revisions\/1712"}],"wp:attachment":[{"href":"https:\/\/sailorzfilmfestival.com\/index.php\/wp-json\/wp\/v2\/media?parent=1470"}],"curies":[{"name":"wp","href":"https:\/\/api.w.org\/{rel}","templated":true}]}}