{"id":1532,"date":"2025-11-19T17:40:05","date_gmt":"2025-11-19T16:40:05","guid":{"rendered":"https:\/\/sailorzfilmfestival.com\/?page_id=1532"},"modified":"2026-01-15T09:59:13","modified_gmt":"2026-01-15T08:59:13","slug":"partenaires","status":"publish","type":"page","link":"https:\/\/sailorzfilmfestival.com\/partenaires\/","title":{"rendered":"Partenaires"},"content":{"rendered":"\t\t<div data-elementor-type=\"wp-page\" data-elementor-id=\"1532\" class=\"elementor elementor-1532\">\n\t\t\t\t\t\t<section class=\"elementor-section elementor-top-section elementor-element elementor-element-4385a71d elementor-section-boxed elementor-section-height-default elementor-section-height-default\" data-id=\"4385a71d\" data-element_type=\"section\">\n\t\t\t\t\t\t<div class=\"elementor-container elementor-column-gap-default\">\n\t\t\t\t\t<div class=\"elementor-column elementor-col-100 elementor-top-column elementor-element elementor-element-7a265a54\" data-id=\"7a265a54\" data-element_type=\"column\">\n\t\t\t<div class=\"elementor-widget-wrap elementor-element-populated\">\n\t\t\t\t\t\t<div class=\"elementor-element elementor-element-1410c2be elementor-hidden-mobile elementor-widget elementor-widget-heading\" data-id=\"1410c2be\" data-element_type=\"widget\" data-widget_type=\"heading.default\">\n\t\t\t\t<div class=\"elementor-widget-container\">\n\t\t\t\t\t<h2 class=\"elementor-heading-title elementor-size-default\">PARTENAIRES DU PREMIER<BR>FESTIVAL DE CIN\u00c9MA DE<BR>VOILE DE COMP\u00c9TITION<\/h2>\t\t\t\t<\/div>\n\t\t\t\t<\/div>\n\t\t\t\t\t<\/div>\n\t\t<\/div>\n\t\t\t\t\t<\/div>\n\t\t<\/section>\n\t\t\t\t<section class=\"elementor-section elementor-top-section elementor-element elementor-element-39efa07 elementor-section-boxed elementor-section-height-default elementor-section-height-default\" data-id=\"39efa07\" data-element_type=\"section\">\n\t\t\t\t\t\t<div class=\"elementor-container elementor-column-gap-default\">\n\t\t\t\t\t<div class=\"elementor-column elementor-col-100 elementor-top-column elementor-element elementor-element-9095fd1\" data-id=\"9095fd1\" data-element_type=\"column\">\n\t\t\t<div class=\"elementor-widget-wrap elementor-element-populated\">\n\t\t\t\t\t\t<div class=\"elementor-element elementor-element-468f862 elementor-widget elementor-widget-spacer\" data-id=\"468f862\" data-element_type=\"widget\" data-widget_type=\"spacer.default\">\n\t\t\t\t<div class=\"elementor-widget-container\">\n\t\t\t\t\t\t\t<div class=\"elementor-spacer\">\n\t\t\t<div class=\"elementor-spacer-inner\"><\/div>\n\t\t<\/div>\n\t\t\t\t\t\t<\/div>\n\t\t\t\t<\/div>\n\t\t\t\t\t<\/div>\n\t\t<\/div>\n\t\t\t\t\t<\/div>\n\t\t<\/section>\n\t\t\t\t<section class=\"elementor-section elementor-top-section elementor-element elementor-element-5bc605d elementor-hidden-mobile elementor-section-boxed elementor-section-height-default elementor-section-height-default\" data-id=\"5bc605d\" data-element_type=\"section\">\n\t\t\t\t\t\t<div class=\"elementor-container elementor-column-gap-default\">\n\t\t\t\t\t<div class=\"elementor-column elementor-col-100 elementor-top-column elementor-element elementor-element-d28c10f\" data-id=\"d28c10f\" data-element_type=\"column\">\n\t\t\t<div class=\"elementor-widget-wrap elementor-element-populated\">\n\t\t\t\t\t\t<div class=\"elementor-element elementor-element-4232a59 elementor-align-center elementor-widget elementor-widget-button\" data-id=\"4232a59\" data-element_type=\"widget\" data-widget_type=\"button.default\">\n\t\t\t\t<div class=\"elementor-widget-container\">\n\t\t\t\t\t\t\t\t\t<div class=\"elementor-button-wrapper\">\n\t\t\t\t\t<a class=\"elementor-button elementor-button-link elementor-size-md\" href=\"https:\/\/sailorzfilmfestival.com\/billetterie\/\">\n\t\t\t\t\t\t<span class=\"elementor-button-content-wrapper\">\n\t\t\t\t\t\t\t\t\t<span class=\"elementor-button-text\">J'ACH\u00c8TE MA PLACE<\/span>\n\t\t\t\t\t<\/span>\n\t\t\t\t\t<\/a>\n\t\t\t\t<\/div>\n\t\t\t\t\t\t\t\t<\/div>\n\t\t\t\t<\/div>\n\t\t\t\t\t<\/div>\n\t\t<\/div>\n\t\t\t\t\t<\/div>\n\t\t<\/section>\n\t\t\t\t<\/div>\n\t\t","protected":false},"excerpt":{"rendered":"<p>PARTENAIRES DU PREMIERFESTIVAL DE CIN\u00c9MA DEVOILE DE COMP\u00c9TITION J&rsquo;ACH\u00c8TE MA PLACE<\/p>\n","protected":false},"author":2,"featured_media":0,"parent":0,"menu_order":0,"comment_status":"closed","ping_status":"closed","template":"","meta":{"footnotes":""},"class_list":["post-1532","page","type-page","status-publish","hentry"],"yoast_head":"<!-- This site is optimized with the Yoast SEO plugin v23.9 - https:\/\/yoast.com\/wordpress\/plugins\/seo\/ -->\n<title>Partenaires - Sailorz Film Festival<\/title>\n<meta name=\"robots\" content=\"index, follow, max-snippet:-1, max-image-preview:large, max-video-preview:-1\" \/>\n<link rel=\"canonical\" href=\"https:\/\/sailorzfilmfestival.com\/partenaires\/\" \/>\n<meta property=\"og:locale\" content=\"fr_FR\" \/>\n<meta property=\"og:type\" content=\"article\" \/>\n<meta property=\"og:title\" content=\"Partenaires - Sailorz Film Festival\" \/>\n<meta property=\"og:description\" content=\"PARTENAIRES DU PREMIERFESTIVAL DE CIN\u00c9MA DEVOILE DE COMP\u00c9TITION J&rsquo;ACH\u00c8TE MA PLACE\" \/>\n<meta property=\"og:url\" content=\"https:\/\/sailorzfilmfestival.com\/partenaires\/\" \/>\n<meta property=\"og:site_name\" content=\"Sailorz Film Festival\" \/>\n<meta property=\"article:modified_time\" content=\"2026-01-15T08:59:13+00:00\" \/>\n<meta name=\"twitter:card\" content=\"summary_large_image\" \/>\n<meta name=\"twitter:label1\" content=\"Dur\u00e9e de lecture estim\u00e9e\" \/>\n\t<meta name=\"twitter:data1\" content=\"1 minute\" \/>\n<script type=\"application\/ld+json\" class=\"yoast-schema-graph\">{\"@context\":\"https:\/\/schema.org\",\"@graph\":[{\"@type\":\"WebPage\",\"@id\":\"https:\/\/sailorzfilmfestival.com\/partenaires\/\",\"url\":\"https:\/\/sailorzfilmfestival.com\/partenaires\/\",\"name\":\"Partenaires - Sailorz Film Festival\",\"isPartOf\":{\"@id\":\"https:\/\/sailorzfilmfestival.com\/#website\"},\"datePublished\":\"2025-11-19T16:40:05+00:00\",\"dateModified\":\"2026-01-15T08:59:13+00:00\",\"breadcrumb\":{\"@id\":\"https:\/\/sailorzfilmfestival.com\/partenaires\/#breadcrumb\"},\"inLanguage\":\"fr-FR\",\"potentialAction\":[{\"@type\":\"ReadAction\",\"target\":[\"https:\/\/sailorzfilmfestival.com\/partenaires\/\"]}]},{\"@type\":\"BreadcrumbList\",\"@id\":\"https:\/\/sailorzfilmfestival.com\/partenaires\/#breadcrumb\",\"itemListElement\":[{\"@type\":\"ListItem\",\"position\":1,\"name\":\"Accueil\",\"item\":\"https:\/\/sailorzfilmfestival.com\/\"},{\"@type\":\"ListItem\",\"position\":2,\"name\":\"Partenaires\"}]},{\"@type\":\"WebSite\",\"@id\":\"https:\/\/sailorzfilmfestival.com\/#website\",\"url\":\"https:\/\/sailorzfilmfestival.com\/\",\"name\":\"Sailorz Film Festival\",\"description\":\"La voile de comp\u00e9tition sur \u00e9cran g\u00e9ant\",\"potentialAction\":[{\"@type\":\"SearchAction\",\"target\":{\"@type\":\"EntryPoint\",\"urlTemplate\":\"https:\/\/sailorzfilmfestival.com\/?s={search_term_string}\"},\"query-input\":{\"@type\":\"PropertyValueSpecification\",\"valueRequired\":true,\"valueName\":\"search_term_string\"}}],\"inLanguage\":\"fr-FR\"}]}<\/script>\n<!-- \/ Yoast SEO plugin. -->","yoast_head_json":{"title":"Partenaires - Sailorz Film Festival","robots":{"index":"index","follow":"follow","max-snippet":"max-snippet:-1","max-image-preview":"max-image-preview:large","max-video-preview":"max-video-preview:-1"},"canonical":"https:\/\/sailorzfilmfestival.com\/partenaires\/","og_locale":"fr_FR","og_type":"article","og_title":"Partenaires - Sailorz Film Festival","og_description":"PARTENAIRES DU PREMIERFESTIVAL DE CIN\u00c9MA DEVOILE DE COMP\u00c9TITION J&rsquo;ACH\u00c8TE MA PLACE","og_url":"https:\/\/sailorzfilmfestival.com\/partenaires\/","og_site_name":"Sailorz Film Festival","article_modified_time":"2026-01-15T08:59:13+00:00","twitter_card":"summary_large_image","twitter_misc":{"Dur\u00e9e de lecture estim\u00e9e":"1 minute"},"schema":{"@context":"https:\/\/schema.org","@graph":[{"@type":"WebPage","@id":"https:\/\/sailorzfilmfestival.com\/partenaires\/","url":"https:\/\/sailorzfilmfestival.com\/partenaires\/","name":"Partenaires - Sailorz Film Festival","isPartOf":{"@id":"https:\/\/sailorzfilmfestival.com\/#website"},"datePublished":"2025-11-19T16:40:05+00:00","dateModified":"2026-01-15T08:59:13+00:00","breadcrumb":{"@id":"https:\/\/sailorzfilmfestival.com\/partenaires\/#breadcrumb"},"inLanguage":"fr-FR","potentialAction":[{"@type":"ReadAction","target":["https:\/\/sailorzfilmfestival.com\/partenaires\/"]}]},{"@type":"BreadcrumbList","@id":"https:\/\/sailorzfilmfestival.com\/partenaires\/#breadcrumb","itemListElement":[{"@type":"ListItem","position":1,"name":"Accueil","item":"https:\/\/sailorzfilmfestival.com\/"},{"@type":"ListItem","position":2,"name":"Partenaires"}]},{"@type":"WebSite","@id":"https:\/\/sailorzfilmfestival.com\/#website","url":"https:\/\/sailorzfilmfestival.com\/","name":"Sailorz Film Festival","description":"La voile de comp\u00e9tition sur \u00e9cran g\u00e9ant","potentialAction":[{"@type":"SearchAction","target":{"@type":"EntryPoint","urlTemplate":"https:\/\/sailorzfilmfestival.com\/?s={search_term_string}"},"query-input":{"@type":"PropertyValueSpecification","valueRequired":true,"valueName":"search_term_string"}}],"inLanguage":"fr-FR"}]}},"_links":{"self":[{"href":"https:\/\/sailorzfilmfestival.com\/index.php\/wp-json\/wp\/v2\/pages\/1532","targetHints":{"allow":["GET"]}}],"collection":[{"href":"https:\/\/sailorzfilmfestival.com\/index.php\/wp-json\/wp\/v2\/pages"}],"about":[{"href":"https:\/\/sailorzfilmfestival.com\/index.php\/wp-json\/wp\/v2\/types\/page"}],"author":[{"embeddable":true,"href":"https:\/\/sailorzfilmfestival.com\/index.php\/wp-json\/wp\/v2\/users\/2"}],"replies":[{"embeddable":true,"href":"https:\/\/sailorzfilmfestival.com\/index.php\/wp-json\/wp\/v2\/comments?post=1532"}],"version-history":[{"count":16,"href":"https:\/\/sailorzfilmfestival.com\/index.php\/wp-json\/wp\/v2\/pages\/1532\/revisions"}],"predecessor-version":[{"id":1774,"href":"https:\/\/sailorzfilmfestival.com\/index.php\/wp-json\/wp\/v2\/pages\/1532\/revisions\/1774"}],"wp:attachment":[{"href":"https:\/\/sailorzfilmfestival.com\/index.php\/wp-json\/wp\/v2\/media?parent=1532"}],"curies":[{"name":"wp","href":"https:\/\/api.w.org\/{rel}","templated":true}]}}