{"id":1553,"date":"2025-11-19T18:17:20","date_gmt":"2025-11-19T17:17:20","guid":{"rendered":"https:\/\/sailorzfilmfestival.com\/?page_id=1553"},"modified":"2026-01-16T12:11:30","modified_gmt":"2026-01-16T11:11:30","slug":"billetterie-belgique","status":"publish","type":"page","link":"https:\/\/sailorzfilmfestival.com\/billetterie-belgique\/","title":{"rendered":"Billetterie Belgique"},"content":{"rendered":"\t\t<div data-elementor-type=\"wp-page\" data-elementor-id=\"1553\" class=\"elementor elementor-1553\">\n\t\t\t\t\t\t<section class=\"elementor-section elementor-top-section elementor-element elementor-element-4385a71d elementor-section-boxed elementor-section-height-default elementor-section-height-default\" data-id=\"4385a71d\" data-element_type=\"section\">\n\t\t\t\t\t\t<div class=\"elementor-container elementor-column-gap-default\">\n\t\t\t\t\t<div class=\"elementor-column elementor-col-100 elementor-top-column elementor-element elementor-element-7a265a54\" data-id=\"7a265a54\" data-element_type=\"column\">\n\t\t\t<div class=\"elementor-widget-wrap elementor-element-populated\">\n\t\t\t\t\t\t<div class=\"elementor-element elementor-element-1410c2be elementor-hidden-mobile elementor-widget elementor-widget-heading\" data-id=\"1410c2be\" data-element_type=\"widget\" data-widget_type=\"heading.default\">\n\t\t\t\t<div class=\"elementor-widget-container\">\n\t\t\t\t\t<h2 class=\"elementor-heading-title elementor-size-default\">R\u00c9SERVEZ VOTRE PLACE<BR>POUR LE SAILORZ FILM FESTIVAL !<\/h2>\t\t\t\t<\/div>\n\t\t\t\t<\/div>\n\t\t\t\t\t<\/div>\n\t\t<\/div>\n\t\t\t\t\t<\/div>\n\t\t<\/section>\n\t\t\t\t<section class=\"elementor-section elementor-top-section elementor-element elementor-element-659d418 elementor-section-boxed elementor-section-height-default elementor-section-height-default\" data-id=\"659d418\" data-element_type=\"section\">\n\t\t\t\t\t\t<div class=\"elementor-container elementor-column-gap-default\">\n\t\t\t\t\t<div class=\"elementor-column elementor-col-100 elementor-top-column elementor-element elementor-element-0b68f48\" data-id=\"0b68f48\" data-element_type=\"column\">\n\t\t\t<div class=\"elementor-widget-wrap elementor-element-populated\">\n\t\t\t\t\t\t<div class=\"elementor-element elementor-element-bef4a9b elementor-widget elementor-widget-spacer\" data-id=\"bef4a9b\" data-element_type=\"widget\" data-widget_type=\"spacer.default\">\n\t\t\t\t<div class=\"elementor-widget-container\">\n\t\t\t\t\t\t\t<div class=\"elementor-spacer\">\n\t\t\t<div class=\"elementor-spacer-inner\"><\/div>\n\t\t<\/div>\n\t\t\t\t\t\t<\/div>\n\t\t\t\t<\/div>\n\t\t\t\t<div class=\"elementor-element elementor-element-6a0f7e0 elementor-widget elementor-widget-heading\" data-id=\"6a0f7e0\" data-element_type=\"widget\" data-widget_type=\"heading.default\">\n\t\t\t\t<div class=\"elementor-widget-container\">\n\t\t\t\t\t<h2 class=\"elementor-heading-title elementor-size-default\">BILLETTERIE BELGIQUE<\/h2>\t\t\t\t<\/div>\n\t\t\t\t<\/div>\n\t\t\t\t<div class=\"elementor-element elementor-element-bef2d50 elementor-widget elementor-widget-text-editor\" data-id=\"bef2d50\" data-element_type=\"widget\" data-widget_type=\"text-editor.default\">\n\t\t\t\t<div class=\"elementor-widget-container\">\n\t\t\t\t\t\t\t\t\t<section class=\"elementor-section elementor-top-section elementor-element elementor-element-530e517 elementor-section-boxed elementor-section-height-default elementor-section-height-default\" data-id=\"530e517\" data-element_type=\"section\">\n<div class=\"elementor-container elementor-column-gap-default\">\n<div class=\"elementor-column elementor-col-100 elementor-top-column elementor-element elementor-element-583317ff\" data-id=\"583317ff\" data-element_type=\"column\">\n<div class=\"elementor-widget-wrap elementor-element-populated\">\n<div class=\"elementor-element elementor-element-3924161c elementor-widget elementor-widget-text-editor\" data-id=\"3924161c\" data-element_type=\"widget\" data-widget_type=\"text-editor.default\">\n<div class=\"elementor-widget-container\">\n<p><span style=\"color: #ffffff;\"><strong>\u2605 L&rsquo;\u00e9toile indique une date accueillent des marins sur sc\u00e8ne<\/strong><\/span><\/p>\n<\/div>\n<\/div>\n<\/div>\n<\/div>\n<\/div>\n<\/section>\t\t\t\t\t\t\t\t<\/div>\n\t\t\t\t<\/div>\n\t\t\t\t<div class=\"elementor-element elementor-element-0be8beb elementor-widget elementor-widget-html\" data-id=\"0be8beb\" data-element_type=\"widget\" data-widget_type=\"html.default\">\n\t\t\t\t<div class=\"elementor-widget-container\">\n\t\t\t\t\t<a title=\"Logiciel billetterie en ligne\"\n href=\"https:\/\/widget.weezevent.com\/ticket\/E1416781\/?code=49202&locale=fr-FR&width_auto=1&color_primary=ff2c2e\"\n class=\"weezevent-widget-integration\"\n data-src=\"https:\/\/widget.weezevent.com\/ticket\/E1416781\/?code=49202&locale=fr-FR&width_auto=1&color_primary=ff2c2e\"\n  data-id=\"1416781\"\n data-resize=\"1\"\n data-width_auto=\"1\"\n data-noscroll=\"0\"\n data-use-container=\"yes\"\n data-type=\"neo\"\n target=\"_blank\">Billetterie Weezevent<\/a>\n<script type=\"text\/javascript\" src=\"https:\/\/widget.weezevent.com\/weez.js\"><\/script>\t\t\t\t<\/div>\n\t\t\t\t<\/div>\n\t\t\t\t\t<\/div>\n\t\t<\/div>\n\t\t\t\t\t<\/div>\n\t\t<\/section>\n\t\t\t\t<section class=\"elementor-section elementor-top-section elementor-element elementor-element-de2e64a elementor-section-boxed elementor-section-height-default elementor-section-height-default\" data-id=\"de2e64a\" data-element_type=\"section\" data-settings=\"{&quot;background_background&quot;:&quot;classic&quot;}\">\n\t\t\t\t\t\t<div class=\"elementor-container elementor-column-gap-default\">\n\t\t\t\t\t<div class=\"elementor-column elementor-col-100 elementor-top-column elementor-element elementor-element-c28808a\" data-id=\"c28808a\" data-element_type=\"column\" data-settings=\"{&quot;background_background&quot;:&quot;classic&quot;}\">\n\t\t\t<div class=\"elementor-widget-wrap elementor-element-populated\">\n\t\t\t\t\t\t<div class=\"elementor-element elementor-element-19da100 elementor-widget elementor-widget-text-editor\" data-id=\"19da100\" data-element_type=\"widget\" data-widget_type=\"text-editor.default\">\n\t\t\t\t<div class=\"elementor-widget-container\">\n\t\t\t\t\t\t\t\t\t<h4 style=\"text-align: center;\"><strong><span dir=\"ltr\" role=\"presentation\">Horaires :<\/span><\/strong><\/h4><p style=\"text-align: center;\"><strong><span dir=\"ltr\" role=\"presentation\">Bruxelles 9 mars<\/span><\/strong><span dir=\"ltr\" role=\"presentation\"> : ouverture des portes \u00e0 <strong>19h00<\/strong> &#8211; d\u00e9but de la projection \u00e0 <strong>19h30<\/strong><\/span><\/p>\t\t\t\t\t\t\t\t<\/div>\n\t\t\t\t<\/div>\n\t\t\t\t\t<\/div>\n\t\t<\/div>\n\t\t\t\t\t<\/div>\n\t\t<\/section>\n\t\t\t\t<section class=\"elementor-section elementor-top-section elementor-element elementor-element-0613141 elementor-section-boxed elementor-section-height-default elementor-section-height-default\" data-id=\"0613141\" data-element_type=\"section\">\n\t\t\t\t\t\t<div class=\"elementor-container elementor-column-gap-default\">\n\t\t\t\t\t<div class=\"elementor-column elementor-col-100 elementor-top-column elementor-element elementor-element-e2bdc55\" data-id=\"e2bdc55\" data-element_type=\"column\">\n\t\t\t<div class=\"elementor-widget-wrap elementor-element-populated\">\n\t\t\t\t\t\t<div class=\"elementor-element elementor-element-c361444 elementor-widget elementor-widget-text-editor\" data-id=\"c361444\" data-element_type=\"widget\" data-widget_type=\"text-editor.default\">\n\t\t\t\t<div class=\"elementor-widget-container\">\n\t\t\t\t\t\t\t\t\t<p>\u00a0<\/p><p style=\"text-align: center;\">Pour b\u00e9n\u00e9ficier de nos tarifs entreprises,<\/p><p style=\"text-align: center;\">contactez Fr\u00e9d\u00e9ric Chevance :<span style=\"word-spacing: normal; font-family: Lato, sans-serif;\">\u00a0<\/span><span style=\"word-spacing: normal; font-weight: bold; font-family: Lato, sans-serif; color: #ff0000;\"><a style=\"color: #ff0000;\" href=\"mailto:frederic@tipandshaft.com\">frederic@tipandshaft.com<\/a><\/span><\/p>\t\t\t\t\t\t\t\t<\/div>\n\t\t\t\t<\/div>\n\t\t\t\t\t<\/div>\n\t\t<\/div>\n\t\t\t\t\t<\/div>\n\t\t<\/section>\n\t\t\t\t<section class=\"elementor-section elementor-top-section elementor-element elementor-element-c7b13ec elementor-hidden-desktop elementor-hidden-tablet elementor-section-boxed elementor-section-height-default elementor-section-height-default\" data-id=\"c7b13ec\" data-element_type=\"section\">\n\t\t\t\t\t\t<div class=\"elementor-container elementor-column-gap-default\">\n\t\t\t\t\t<div class=\"elementor-column elementor-col-50 elementor-top-column elementor-element elementor-element-3f146f73\" data-id=\"3f146f73\" data-element_type=\"column\">\n\t\t\t<div class=\"elementor-widget-wrap elementor-element-populated\">\n\t\t\t\t\t\t<div class=\"elementor-element elementor-element-f21716 elementor-widget elementor-widget-text-editor\" data-id=\"f21716\" data-element_type=\"widget\" data-widget_type=\"text-editor.default\">\n\t\t\t\t<div class=\"elementor-widget-container\">\n\t\t\t\t\t\t\t\t\t<p style=\"text-align: center;\">NOUS CONTACTER<\/p>\t\t\t\t\t\t\t\t<\/div>\n\t\t\t\t<\/div>\n\t\t\t\t\t<\/div>\n\t\t<\/div>\n\t\t\t\t<div class=\"elementor-column elementor-col-50 elementor-top-column elementor-element elementor-element-23e5554\" data-id=\"23e5554\" data-element_type=\"column\">\n\t\t\t<div class=\"elementor-widget-wrap elementor-element-populated\">\n\t\t\t\t\t\t<div class=\"elementor-element elementor-element-c7d9a73 elementor-widget elementor-widget-text-editor\" data-id=\"c7d9a73\" data-element_type=\"widget\" data-widget_type=\"text-editor.default\">\n\t\t\t\t<div class=\"elementor-widget-container\">\n\t\t\t\t\t\t\t\t\t<p style=\"text-align: center;\"><strong><a class=\"c-link\" tabindex=\"-1\" href=\"mailto:film-festival@sailorz.com\" target=\"_blank\" rel=\"noopener noreferrer\" data-stringify-link=\"mailto:film-festival@sailorz.com\" data-sk=\"tooltip_parent\" aria-haspopup=\"menu\" aria-expanded=\"false\" data-remove-tab-index=\"true\">film-festival@sailorz.com<\/a><\/strong><\/p><p style=\"text-align: center;\"><br><\/p>\t\t\t\t\t\t\t\t<\/div>\n\t\t\t\t<\/div>\n\t\t\t\t\t<\/div>\n\t\t<\/div>\n\t\t\t\t\t<\/div>\n\t\t<\/section>\n\t\t\t\t<\/div>\n\t\t","protected":false},"excerpt":{"rendered":"<p>R\u00c9SERVEZ VOTRE PLACEPOUR LE SAILORZ FILM FESTIVAL ! BILLETTERIE BELGIQUE \u2605 L&rsquo;\u00e9toile indique une date accueillent des marins sur sc\u00e8ne Billetterie Weezevent Horaires : Bruxelles 9 mars : ouverture des portes \u00e0 19h00 &#8211; d\u00e9but de la projection \u00e0 19h30 \u00a0 Pour b\u00e9n\u00e9ficier de nos tarifs entreprises, contactez Fr\u00e9d\u00e9ric Chevance :\u00a0frederic@tipandshaft.com NOUS CONTACTER film-festival@sailorz.com<\/p>\n","protected":false},"author":2,"featured_media":0,"parent":0,"menu_order":0,"comment_status":"closed","ping_status":"closed","template":"","meta":{"footnotes":""},"class_list":["post-1553","page","type-page","status-publish","hentry"],"yoast_head":"<!-- This site is optimized with the Yoast SEO plugin v23.9 - https:\/\/yoast.com\/wordpress\/plugins\/seo\/ -->\n<title>Billetterie Belgique - Sailorz Film Festival<\/title>\n<meta name=\"robots\" content=\"index, follow, max-snippet:-1, max-image-preview:large, max-video-preview:-1\" \/>\n<link rel=\"canonical\" href=\"https:\/\/sailorzfilmfestival.com\/billetterie-belgique\/\" \/>\n<meta property=\"og:locale\" content=\"fr_FR\" \/>\n<meta property=\"og:type\" content=\"article\" \/>\n<meta property=\"og:title\" content=\"Billetterie Belgique - Sailorz Film Festival\" \/>\n<meta property=\"og:description\" content=\"R\u00c9SERVEZ VOTRE PLACEPOUR LE SAILORZ FILM FESTIVAL ! BILLETTERIE BELGIQUE \u2605 L&rsquo;\u00e9toile indique une date accueillent des marins sur sc\u00e8ne Billetterie Weezevent Horaires : Bruxelles 9 mars : ouverture des portes \u00e0 19h00 &#8211; d\u00e9but de la projection \u00e0 19h30 \u00a0 Pour b\u00e9n\u00e9ficier de nos tarifs entreprises, contactez Fr\u00e9d\u00e9ric Chevance :\u00a0frederic@tipandshaft.com NOUS CONTACTER film-festival@sailorz.com\" \/>\n<meta property=\"og:url\" content=\"https:\/\/sailorzfilmfestival.com\/billetterie-belgique\/\" \/>\n<meta property=\"og:site_name\" content=\"Sailorz Film Festival\" \/>\n<meta property=\"article:modified_time\" content=\"2026-01-16T11:11:30+00:00\" \/>\n<meta name=\"twitter:card\" content=\"summary_large_image\" \/>\n<meta name=\"twitter:label1\" content=\"Dur\u00e9e de lecture estim\u00e9e\" \/>\n\t<meta name=\"twitter:data1\" content=\"1 minute\" \/>\n<script type=\"application\/ld+json\" class=\"yoast-schema-graph\">{\"@context\":\"https:\/\/schema.org\",\"@graph\":[{\"@type\":\"WebPage\",\"@id\":\"https:\/\/sailorzfilmfestival.com\/billetterie-belgique\/\",\"url\":\"https:\/\/sailorzfilmfestival.com\/billetterie-belgique\/\",\"name\":\"Billetterie Belgique - Sailorz Film Festival\",\"isPartOf\":{\"@id\":\"https:\/\/sailorzfilmfestival.com\/#website\"},\"datePublished\":\"2025-11-19T17:17:20+00:00\",\"dateModified\":\"2026-01-16T11:11:30+00:00\",\"breadcrumb\":{\"@id\":\"https:\/\/sailorzfilmfestival.com\/billetterie-belgique\/#breadcrumb\"},\"inLanguage\":\"fr-FR\",\"potentialAction\":[{\"@type\":\"ReadAction\",\"target\":[\"https:\/\/sailorzfilmfestival.com\/billetterie-belgique\/\"]}]},{\"@type\":\"BreadcrumbList\",\"@id\":\"https:\/\/sailorzfilmfestival.com\/billetterie-belgique\/#breadcrumb\",\"itemListElement\":[{\"@type\":\"ListItem\",\"position\":1,\"name\":\"Accueil\",\"item\":\"https:\/\/sailorzfilmfestival.com\/\"},{\"@type\":\"ListItem\",\"position\":2,\"name\":\"Billetterie Belgique\"}]},{\"@type\":\"WebSite\",\"@id\":\"https:\/\/sailorzfilmfestival.com\/#website\",\"url\":\"https:\/\/sailorzfilmfestival.com\/\",\"name\":\"Sailorz Film Festival\",\"description\":\"La voile de comp\u00e9tition sur \u00e9cran g\u00e9ant\",\"potentialAction\":[{\"@type\":\"SearchAction\",\"target\":{\"@type\":\"EntryPoint\",\"urlTemplate\":\"https:\/\/sailorzfilmfestival.com\/?s={search_term_string}\"},\"query-input\":{\"@type\":\"PropertyValueSpecification\",\"valueRequired\":true,\"valueName\":\"search_term_string\"}}],\"inLanguage\":\"fr-FR\"}]}<\/script>\n<!-- \/ Yoast SEO plugin. -->","yoast_head_json":{"title":"Billetterie Belgique - Sailorz Film Festival","robots":{"index":"index","follow":"follow","max-snippet":"max-snippet:-1","max-image-preview":"max-image-preview:large","max-video-preview":"max-video-preview:-1"},"canonical":"https:\/\/sailorzfilmfestival.com\/billetterie-belgique\/","og_locale":"fr_FR","og_type":"article","og_title":"Billetterie Belgique - Sailorz Film Festival","og_description":"R\u00c9SERVEZ VOTRE PLACEPOUR LE SAILORZ FILM FESTIVAL ! BILLETTERIE BELGIQUE \u2605 L&rsquo;\u00e9toile indique une date accueillent des marins sur sc\u00e8ne Billetterie Weezevent Horaires : Bruxelles 9 mars : ouverture des portes \u00e0 19h00 &#8211; d\u00e9but de la projection \u00e0 19h30 \u00a0 Pour b\u00e9n\u00e9ficier de nos tarifs entreprises, contactez Fr\u00e9d\u00e9ric Chevance :\u00a0frederic@tipandshaft.com NOUS CONTACTER film-festival@sailorz.com","og_url":"https:\/\/sailorzfilmfestival.com\/billetterie-belgique\/","og_site_name":"Sailorz Film Festival","article_modified_time":"2026-01-16T11:11:30+00:00","twitter_card":"summary_large_image","twitter_misc":{"Dur\u00e9e de lecture estim\u00e9e":"1 minute"},"schema":{"@context":"https:\/\/schema.org","@graph":[{"@type":"WebPage","@id":"https:\/\/sailorzfilmfestival.com\/billetterie-belgique\/","url":"https:\/\/sailorzfilmfestival.com\/billetterie-belgique\/","name":"Billetterie Belgique - Sailorz Film Festival","isPartOf":{"@id":"https:\/\/sailorzfilmfestival.com\/#website"},"datePublished":"2025-11-19T17:17:20+00:00","dateModified":"2026-01-16T11:11:30+00:00","breadcrumb":{"@id":"https:\/\/sailorzfilmfestival.com\/billetterie-belgique\/#breadcrumb"},"inLanguage":"fr-FR","potentialAction":[{"@type":"ReadAction","target":["https:\/\/sailorzfilmfestival.com\/billetterie-belgique\/"]}]},{"@type":"BreadcrumbList","@id":"https:\/\/sailorzfilmfestival.com\/billetterie-belgique\/#breadcrumb","itemListElement":[{"@type":"ListItem","position":1,"name":"Accueil","item":"https:\/\/sailorzfilmfestival.com\/"},{"@type":"ListItem","position":2,"name":"Billetterie Belgique"}]},{"@type":"WebSite","@id":"https:\/\/sailorzfilmfestival.com\/#website","url":"https:\/\/sailorzfilmfestival.com\/","name":"Sailorz Film Festival","description":"La voile de comp\u00e9tition sur \u00e9cran g\u00e9ant","potentialAction":[{"@type":"SearchAction","target":{"@type":"EntryPoint","urlTemplate":"https:\/\/sailorzfilmfestival.com\/?s={search_term_string}"},"query-input":{"@type":"PropertyValueSpecification","valueRequired":true,"valueName":"search_term_string"}}],"inLanguage":"fr-FR"}]}},"_links":{"self":[{"href":"https:\/\/sailorzfilmfestival.com\/index.php\/wp-json\/wp\/v2\/pages\/1553","targetHints":{"allow":["GET"]}}],"collection":[{"href":"https:\/\/sailorzfilmfestival.com\/index.php\/wp-json\/wp\/v2\/pages"}],"about":[{"href":"https:\/\/sailorzfilmfestival.com\/index.php\/wp-json\/wp\/v2\/types\/page"}],"author":[{"embeddable":true,"href":"https:\/\/sailorzfilmfestival.com\/index.php\/wp-json\/wp\/v2\/users\/2"}],"replies":[{"embeddable":true,"href":"https:\/\/sailorzfilmfestival.com\/index.php\/wp-json\/wp\/v2\/comments?post=1553"}],"version-history":[{"count":22,"href":"https:\/\/sailorzfilmfestival.com\/index.php\/wp-json\/wp\/v2\/pages\/1553\/revisions"}],"predecessor-version":[{"id":1891,"href":"https:\/\/sailorzfilmfestival.com\/index.php\/wp-json\/wp\/v2\/pages\/1553\/revisions\/1891"}],"wp:attachment":[{"href":"https:\/\/sailorzfilmfestival.com\/index.php\/wp-json\/wp\/v2\/media?parent=1553"}],"curies":[{"name":"wp","href":"https:\/\/api.w.org\/{rel}","templated":true}]}}